{"id":682,"date":"2022-03-27T09:27:56","date_gmt":"2022-03-27T09:27:56","guid":{"rendered":"https:\/\/telooa.com\/?page_id=682"},"modified":"2025-05-24T19:32:51","modified_gmt":"2025-05-24T19:32:51","slug":"quem-somos","status":"publish","type":"page","link":"https:\/\/telooa.com\/pt\/quem-somos\/","title":{"rendered":"Quem somos"},"content":{"rendered":"<p>Tolo3 \u00e9 uma plataforma \u00e1rabe que fornece conte\u00fado confi\u00e1vel e atualizado sobre os melhores servi\u00e7os, produtos e diret\u00f3rios de neg\u00f3cios do mundo \u00e1rabe. Trabalhamos para coletar informa\u00e7\u00f5es com precis\u00e3o e atualiz\u00e1-las continuamente, proporcionando aos leitores em \u00e1rabe uma experi\u00eancia fluida que os ajuda a tomar decis\u00f5es di\u00e1rias confiantes.<\/p>\n<p>Nossa equipe \u00e9 formada por pesquisadores e editores especializados em \u00e1reas como ar condicionado, eletrodom\u00e9sticos, servi\u00e7os imobili\u00e1rios, finan\u00e7as, fitness e muito mais. Coletamos dados de fontes oficiais, avalia\u00e7\u00f5es de usu\u00e1rios e experi\u00eancias reais e, em seguida, os reconstru\u00edmos cuidadosamente para apresent\u00e1-los em um formato simplificado e pr\u00e1tico.<\/p>\n<p>Seguimos os padr\u00f5es EEAT definidos pelos mecanismos de busca em termos de experi\u00eancia, especializa\u00e7\u00e3o, confiabilidade e transpar\u00eancia. Portanto, n\u00e3o publicamos nenhuma informa\u00e7\u00e3o a menos que seja verificada e evitamos recomendar qualquer produto ou servi\u00e7o que n\u00e3o seja confi\u00e1vel.<\/p>\n<p>Nosso objetivo \u00e9 que o Tolo3 se torne uma refer\u00eancia confi\u00e1vel para usu\u00e1rios \u00e1rabes que buscam o que h\u00e1 de melhor em sua \u00e1rea. Estamos aqui para ajudar voc\u00ea a tomar a decis\u00e3o certa.<\/p>\n<h2>Como preparamos conte\u00fado no Tolo3?<\/h2>\n<p>Acreditamos que informa\u00e7\u00f5es precisas s\u00e3o mais importantes do que qualquer outra coisa, por isso contamos com etapas cuidadosamente consideradas ao escrever e editar o conte\u00fado do site \u201cTuloo\u201d:<\/p>\n<ul>\n<li data-start=\"514\" data-end=\"612\">\n<p data-start=\"517\" data-end=\"612\"><strong data-start=\"517\" data-end=\"534\">Pesquisa e verifica\u00e7\u00e3o<\/strong>Coletamos informa\u00e7\u00f5es de fontes oficiais, experi\u00eancias reais de usu\u00e1rios e relat\u00f3rios especializados.<\/p>\n<\/li>\n<li data-start=\"613\" data-end=\"716\">\n<p data-start=\"616\" data-end=\"716\"><strong data-start=\"616\" data-end=\"637\">An\u00e1lise e compara\u00e7\u00e3o<\/strong>N\u00e3o apenas apresentamos dados, mas tamb\u00e9m os analisamos e comparamos op\u00e7\u00f5es para fornecer a melhor solu\u00e7\u00e3o para o leitor.<\/p>\n<\/li>\n<li data-start=\"717\" data-end=\"829\">\n<p data-start=\"720\" data-end=\"829\"><strong data-start=\"720\" data-end=\"741\">Edi\u00e7\u00e3o profissional<\/strong>Os artigos s\u00e3o escritos em \u00e1rabe claro e padr\u00e3o, mantendo a simplicidade e a precis\u00e3o.<\/p>\n<\/li>\n<li data-start=\"830\" data-end=\"941\">\n<p data-start=\"833\" data-end=\"941\"><strong data-start=\"833\" data-end=\"853\">Revis\u00e3o peri\u00f3dica<\/strong>Revisamos os artigos periodicamente para atualizar pre\u00e7os, dados ou adicionar novos detalhes \u00e0 medida que eles se tornam dispon\u00edveis.<\/p>\n<\/li>\n<li data-start=\"942\" data-end=\"1060\">\n<p data-start=\"945\" data-end=\"1060\"><strong data-start=\"945\" data-end=\"969\">N\u00e3o alinhamento comercial<\/strong>N\u00e3o publicamos artigos promocionais pagos sem esclarecer isso e estamos comprometidos em transmitir a verdade sem falsifica\u00e7\u00e3o ou bajula\u00e7\u00e3o.<\/p>\n<\/li>\n<\/ul>\n<p>&nbsp;<\/p>\n<p>Caso tenha algum coment\u00e1rio, d\u00favida ou sugest\u00e3o, entre em contato conosco atrav\u00e9s da p\u00e1gina. <a class=\"cursor-pointer\" href=\"https:\/\/telooa.com\/pt\/contate-nos-2\/\" rel=\"noopener\" data-start=\"1495\" data-end=\"1515\">Contate-nos<\/a><\/p>","protected":false},"excerpt":{"rendered":"<p>Tolo3 \u00e9 uma plataforma \u00e1rabe que fornece conte\u00fado confi\u00e1vel e atualizado sobre os melhores servi\u00e7os, produtos e diret\u00f3rios de neg\u00f3cios do mundo \u00e1rabe. Trabalhamos para coletar informa\u00e7\u00f5es com precis\u00e3o e atualiz\u00e1-las continuamente, proporcionando aos leitores \u00e1rabes uma experi\u00eancia fluida que os ajuda a tomar decis\u00f5es di\u00e1rias com confian\u00e7a. Nossa equipe \u00e9 formada por pesquisadores e editores especializados em \u00e1reas como ar-condicionado, eletrodom\u00e9sticos, servi\u00e7os imobili\u00e1rios, finan\u00e7as, fitness e muito mais. Coletamos\u2026 <\/p>\n<p class=\"read-more-container\"><a title=\"Quem somos\" class=\"read-more button\" href=\"https:\/\/telooa.com\/pt\/quem-somos\/#more-682\" aria-label=\"Saiba mais sobre quem somos\">Leia mais<\/a><\/p>","protected":false},"author":3,"featured_media":0,"parent":0,"menu_order":0,"comment_status":"closed","ping_status":"closed","template":"","meta":{"footnotes":""},"class_list":["post-682","page","type-page","status-publish"],"_links":{"self":[{"href":"https:\/\/telooa.com\/pt\/wp-json\/wp\/v2\/pages\/682","targetHints":{"allow":["GET"]}}],"collection":[{"href":"https:\/\/telooa.com\/pt\/wp-json\/wp\/v2\/pages"}],"about":[{"href":"https:\/\/telooa.com\/pt\/wp-json\/wp\/v2\/types\/page"}],"author":[{"embeddable":true,"href":"https:\/\/telooa.com\/pt\/wp-json\/wp\/v2\/users\/3"}],"replies":[{"embeddable":true,"href":"https:\/\/telooa.com\/pt\/wp-json\/wp\/v2\/comments?post=682"}],"version-history":[{"count":4,"href":"https:\/\/telooa.com\/pt\/wp-json\/wp\/v2\/pages\/682\/revisions"}],"predecessor-version":[{"id":14848,"href":"https:\/\/telooa.com\/pt\/wp-json\/wp\/v2\/pages\/682\/revisions\/14848"}],"wp:attachment":[{"href":"https:\/\/telooa.com\/pt\/wp-json\/wp\/v2\/media?parent=682"}],"curies":[{"name":"wp","href":"https:\/\/api.w.org\/{rel}","templated":true}]}}