{"id":3,"date":"2021-12-15T22:58:28","date_gmt":"2021-12-15T22:58:28","guid":{"rendered":"http:\/\/telooa.com\/?page_id=3"},"modified":"2022-05-17T12:40:03","modified_gmt":"2022-05-17T12:40:03","slug":"politica-de-privacidade","status":"publish","type":"page","link":"https:\/\/telooa.com\/pt\/politica-de-privacidade\/","title":{"rendered":"pol\u00edtica de Privacidade"},"content":{"rendered":"<div data-original-attrs=\"{&quot;style&quot;:&quot;&quot;}\"><span style=\"font-size: x-large;\" data-keep-original-tag=\"false\" data-original-attrs=\"{&quot;style&quot;:&quot;&quot;}\">Declara\u00e7\u00e3o de Privacidade e Confidencialidade<\/span><\/div>\n<div data-original-attrs=\"{&quot;style&quot;:&quot;&quot;}\"><span style=\"font-size: x-large;\" data-keep-original-tag=\"false\" data-original-attrs=\"{&quot;style&quot;:&quot;&quot;}\">\u00a0<\/span><\/div>\n<div data-original-attrs=\"{&quot;style&quot;:&quot;&quot;}\"><span style=\"font-size: x-large;\" data-keep-original-tag=\"false\" data-original-attrs=\"{&quot;style&quot;:&quot;&quot;}\">Agradecemos sua preocupa\u00e7\u00e3o e interesse em rela\u00e7\u00e3o \u00e0 privacidade dos seus dados na Internet.\u00a0<\/span><\/div>\n<div data-original-attrs=\"{&quot;style&quot;:&quot;&quot;}\"><span style=\"font-size: x-large;\" data-keep-original-tag=\"false\" data-original-attrs=\"{&quot;style&quot;:&quot;&quot;}\">Esta pol\u00edtica foi preparada para ajudar voc\u00ea a entender a natureza dos dados que coletamos de voc\u00ea quando voc\u00ea visita nosso site e como lidamos com esses dados pessoais.\u00a0<\/span><\/div>\n<div data-original-attrs=\"{&quot;style&quot;:&quot;&quot;}\"><span style=\"font-size: x-large;\" data-keep-original-tag=\"false\" data-original-attrs=\"{&quot;style&quot;:&quot;&quot;}\">\u00a0<\/span><\/div>\n<div data-original-attrs=\"{&quot;style&quot;:&quot;&quot;}\"><span style=\"font-size: x-large;\" data-keep-original-tag=\"false\" data-original-attrs=\"{&quot;style&quot;:&quot;&quot;}\">Navega\u00e7\u00e3o\u00a0<\/span><\/div>\n<div data-original-attrs=\"{&quot;style&quot;:&quot;&quot;}\"><span style=\"font-size: x-large;\" data-keep-original-tag=\"false\" data-original-attrs=\"{&quot;style&quot;:&quot;&quot;}\">N\u00e3o projetamos este site para coletar dados pessoais do seu computador enquanto voc\u00ea navega neste site. Em vez disso, os dados fornecidos por voc\u00ea ser\u00e3o usados apenas com seu conhecimento e livre arb\u00edtrio.\u00a0<\/span><\/div>\n<div data-original-attrs=\"{&quot;style&quot;:&quot;&quot;}\"><span style=\"font-size: x-large;\" data-keep-original-tag=\"false\" data-original-attrs=\"{&quot;style&quot;:&quot;&quot;}\">\u00a0<\/span><\/div>\n<div data-original-attrs=\"{&quot;style&quot;:&quot;&quot;}\"><span style=\"font-size: x-large;\" data-keep-original-tag=\"false\" data-original-attrs=\"{&quot;style&quot;:&quot;&quot;}\">Endere\u00e7o de protocolo de Internet (IP)\u00a0<\/span><\/div>\n<div data-original-attrs=\"{&quot;style&quot;:&quot;&quot;}\"><span style=\"font-size: x-large;\" data-keep-original-tag=\"false\" data-original-attrs=\"{&quot;style&quot;:&quot;&quot;}\">\u00a0 Sempre que voc\u00ea visitar qualquer site, incluindo este site, o servidor host registrar\u00e1 seu endere\u00e7o de Protocolo de Internet (IP), a data e a hora da sua visita, o tipo de navegador de Internet que voc\u00ea est\u00e1 usando e o URL de qualquer site que o encaminhou para este site.\u00a0<\/span><\/div>\n<div data-original-attrs=\"{&quot;style&quot;:&quot;&quot;}\"><span style=\"font-size: x-large;\" data-keep-original-tag=\"false\" data-original-attrs=\"{&quot;style&quot;:&quot;&quot;}\">\u00a0<\/span><\/div>\n<div data-original-attrs=\"{&quot;style&quot;:&quot;&quot;}\"><span style=\"font-size: x-large;\" data-keep-original-tag=\"false\" data-original-attrs=\"{&quot;style&quot;:&quot;&quot;}\">Digitaliza\u00e7\u00f5es on-line\u00a0<\/span><\/div>\n<div data-original-attrs=\"{&quot;style&quot;:&quot;&quot;}\"><span style=\"font-size: x-large;\" data-keep-original-tag=\"false\" data-original-attrs=\"{&quot;style&quot;:&quot;&quot;}\">Nossas pesquisas on-line nos permitem coletar dados espec\u00edficos, como os dados solicitados a voc\u00ea sobre suas opini\u00f5es e sentimentos sobre nosso site. Suas respostas s\u00e3o de extrema import\u00e2ncia e s\u00e3o apreciadas, pois nos permitem melhorar a qualidade do nosso site. Voc\u00ea \u00e9 livre para escolher se deseja fornecer dados relacionados ao seu nome e outros dados.\u00a0<\/span><\/div>\n<div data-original-attrs=\"{&quot;style&quot;:&quot;&quot;}\"><span style=\"font-size: x-large;\" data-keep-original-tag=\"false\" data-original-attrs=\"{&quot;style&quot;:&quot;&quot;}\">\u00a0<\/span><\/div>\n<div data-original-attrs=\"{&quot;style&quot;:&quot;&quot;}\"><span style=\"font-size: x-large;\" data-keep-original-tag=\"false\" data-original-attrs=\"{&quot;style&quot;:&quot;&quot;}\">Links para outros sites\u00a0<\/span><\/div>\n<div data-original-attrs=\"{&quot;style&quot;:&quot;&quot;}\"><span style=\"font-size: x-large;\" data-keep-original-tag=\"false\" data-original-attrs=\"{&quot;style&quot;:&quot;&quot;}\">Nosso site pode conter links para outros sites na Internet. Ou an\u00fancios de outros sites, como o Google AdSense, e n\u00e3o somos respons\u00e1veis pelos m\u00e9todos de coleta de dados por esses sites. Voc\u00ea pode visualizar as pol\u00edticas de privacidade e o conte\u00fado dos sites acessados por meio de qualquer link neste site.\u00a0<\/span><\/div>\n<div data-original-attrs=\"{&quot;style&quot;:&quot;&quot;}\"><span style=\"font-size: x-large;\" data-keep-original-tag=\"false\" data-original-attrs=\"{&quot;style&quot;:&quot;&quot;}\">\u00a0<\/span><\/div>\n<div data-original-attrs=\"{&quot;style&quot;:&quot;&quot;}\"><span style=\"font-size: x-large;\" data-keep-original-tag=\"false\" data-original-attrs=\"{&quot;style&quot;:&quot;&quot;}\">Podemos usar empresas de publicidade terceirizadas para veicular an\u00fancios quando voc\u00ea visita nosso site. Essas empresas podem usar informa\u00e7\u00f5es sobre suas visitas a este e outros sites (n\u00e3o incluindo seu nome, endere\u00e7o, endere\u00e7o de e-mail ou n\u00famero de telefone) para fornecer an\u00fancios sobre produtos e servi\u00e7os de seu interesse. Se voc\u00ea quiser mais informa\u00e7\u00f5es sobre isso e saber suas op\u00e7\u00f5es sobre n\u00e3o ter essas informa\u00e7\u00f5es usadas por essas empresas, clique aqui.\u00a0<\/span><\/div>\n<div data-original-attrs=\"{&quot;style&quot;:&quot;&quot;}\"><span style=\"font-size: x-large;\" data-keep-original-tag=\"false\" data-original-attrs=\"{&quot;style&quot;:&quot;&quot;}\">\u00a0<\/span><\/div>\n<div data-original-attrs=\"{&quot;style&quot;:&quot;&quot;}\"><span style=\"font-size: x-large;\" data-keep-original-tag=\"false\" data-original-attrs=\"{&quot;style&quot;:&quot;&quot;}\">Divulga\u00e7\u00e3o de informa\u00e7\u00f5es\u00a0<\/span><\/div>\n<div data-original-attrs=\"{&quot;style&quot;:&quot;&quot;}\"><span style=\"font-size: x-large;\" data-keep-original-tag=\"false\" data-original-attrs=\"{&quot;style&quot;:&quot;&quot;}\">Manteremos sempre a privacidade e a confidencialidade de todos os dados pessoais que obtemos. Essas informa\u00e7\u00f5es n\u00e3o ser\u00e3o divulgadas, a menos que exigido por lei ou quando acreditarmos de boa-f\u00e9 que tal a\u00e7\u00e3o ser\u00e1 necess\u00e1ria ou desej\u00e1vel para cumprir a lei ou para defender ou proteger os direitos de propriedade deste site ou de seus benefici\u00e1rios.\u00a0<\/span><\/div>\n<div data-original-attrs=\"{&quot;style&quot;:&quot;&quot;}\"><span style=\"font-size: x-large;\" data-keep-original-tag=\"false\" data-original-attrs=\"{&quot;style&quot;:&quot;&quot;}\">\u00a0<\/span><\/div>\n<div data-original-attrs=\"{&quot;style&quot;:&quot;&quot;}\"><span style=\"font-size: x-large;\" data-keep-original-tag=\"false\" data-original-attrs=\"{&quot;style&quot;:&quot;&quot;}\">Dados necess\u00e1rios para realizar as transa\u00e7\u00f5es por voc\u00ea solicitadas\u00a0<\/span><\/div>\n<div data-original-attrs=\"{&quot;style&quot;:&quot;&quot;}\"><span style=\"font-size: x-large;\" data-keep-original-tag=\"false\" data-original-attrs=\"{&quot;style&quot;:&quot;&quot;}\">Quando precisarmos de quaisquer dados sobre voc\u00ea, pediremos que voc\u00ea os forne\u00e7a voluntariamente. Essas informa\u00e7\u00f5es nos ajudar\u00e3o a entrar em contato com voc\u00ea e atender \u00e0s suas solicita\u00e7\u00f5es sempre que poss\u00edvel. Os dados fornecidos por voc\u00ea nunca ser\u00e3o vendidos a terceiros para fins de marketing em benef\u00edcio pr\u00f3prio sem seu consentimento pr\u00e9vio por escrito, a menos que isso seja feito com base no fato de que s\u00e3o parte de dados coletivos usados para fins estat\u00edsticos e de pesquisa, sem incluir quaisquer dados que possam ser usados para identific\u00e1-lo.\u00a0<\/span><\/div>\n<div data-original-attrs=\"{&quot;style&quot;:&quot;&quot;}\"><span style=\"font-size: x-large;\" data-keep-original-tag=\"false\" data-original-attrs=\"{&quot;style&quot;:&quot;&quot;}\">\u00a0<\/span><\/div>\n<div data-original-attrs=\"{&quot;style&quot;:&quot;&quot;}\"><span style=\"font-size: x-large;\" data-keep-original-tag=\"false\" data-original-attrs=\"{&quot;style&quot;:&quot;&quot;}\">Quando voc\u00ea nos contata\u00a0<\/span><\/div>\n<div data-original-attrs=\"{&quot;style&quot;:&quot;&quot;}\"><span style=\"font-size: x-large;\" data-keep-original-tag=\"false\" data-original-attrs=\"{&quot;style&quot;:&quot;&quot;}\">Todos os dados fornecidos por voc\u00ea ser\u00e3o tratados como confidenciais. Os formul\u00e1rios enviados diretamente na rede exigem o fornecimento de dados que nos ajudar\u00e3o a melhorar nosso site. Os dados fornecidos por voc\u00ea ser\u00e3o usados para responder a todas as suas perguntas, coment\u00e1rios ou solicita\u00e7\u00f5es deste site ou de qualquer um de seus sites afiliados.\u00a0<\/span><\/div>\n<div data-original-attrs=\"{&quot;style&quot;:&quot;&quot;}\"><span style=\"font-size: x-large;\" data-keep-original-tag=\"false\" data-original-attrs=\"{&quot;style&quot;:&quot;&quot;}\">\u00a0<\/span><\/div>\n<div data-original-attrs=\"{&quot;style&quot;:&quot;&quot;}\"><span style=\"font-size: x-large;\" data-keep-original-tag=\"false\" data-original-attrs=\"{&quot;style&quot;:&quot;&quot;}\">Divulga\u00e7\u00e3o de informa\u00e7\u00f5es a terceiros<\/span><\/div>\n<div data-original-attrs=\"{&quot;style&quot;:&quot;&quot;}\"><span style=\"font-size: x-large;\" data-keep-original-tag=\"false\" data-original-attrs=\"{&quot;style&quot;:&quot;&quot;}\">N\u00e3o venderemos, comercializaremos, alugaremos ou divulgaremos nenhuma informa\u00e7\u00e3o a terceiros fora deste site ou de seus sites afiliados. As informa\u00e7\u00f5es somente ser\u00e3o divulgadas se assim for ordenado por qualquer autoridade judicial ou reguladora.\u00a0<\/span><\/div>\n<div data-original-attrs=\"{&quot;style&quot;:&quot;&quot;}\"><span style=\"font-size: x-large;\" data-keep-original-tag=\"false\" data-original-attrs=\"{&quot;style&quot;:&quot;&quot;}\">\u00a0<\/span><\/div>\n<div data-original-attrs=\"{&quot;style&quot;:&quot;&quot;}\"><span style=\"font-size: x-large;\" data-keep-original-tag=\"false\" data-original-attrs=\"{&quot;style&quot;:&quot;&quot;}\">Altera\u00e7\u00f5es \u00e0 Pol\u00edtica de Privacidade e Confidencialidade da Informa\u00e7\u00e3o\u00a0<\/span><\/div>\n<div data-original-attrs=\"{&quot;style&quot;:&quot;&quot;}\"><span style=\"font-size: x-large;\" data-keep-original-tag=\"false\" data-original-attrs=\"{&quot;style&quot;:&quot;&quot;}\">Reservamo-nos o direito de modificar os termos e condi\u00e7\u00f5es da Pol\u00edtica de Privacidade e Confidencialidade das Informa\u00e7\u00f5es, se necess\u00e1rio e quando apropriado. As altera\u00e7\u00f5es ser\u00e3o implementadas aqui ou na p\u00e1gina principal da Pol\u00edtica de Privacidade e voc\u00ea ser\u00e1 continuamente notificado sobre os dados que obtivemos, como os usaremos e a quem os forneceremos.\u00a0<\/span><\/div>\n<div data-original-attrs=\"{&quot;style&quot;:&quot;&quot;}\"><span style=\"font-size: x-large;\" data-keep-original-tag=\"false\" data-original-attrs=\"{&quot;style&quot;:&quot;&quot;}\">\u00a0<\/span><\/div>\n<div data-original-attrs=\"{&quot;style&quot;:&quot;&quot;}\"><span style=\"font-size: x-large;\" data-keep-original-tag=\"false\" data-original-attrs=\"{&quot;style&quot;:&quot;&quot;}\">Contate-nos\u00a0<\/span><\/div>\n<div data-original-attrs=\"{&quot;style&quot;:&quot;&quot;}\"><span style=\"font-size: x-large;\" data-keep-original-tag=\"false\" data-original-attrs=\"{&quot;style&quot;:&quot;&quot;}\">Voc\u00ea pode entrar em contato conosco quando necess\u00e1rio clicando no link Fale Conosco dispon\u00edvel em nosso site.\u00a0<\/span><\/div>\n<div data-original-attrs=\"{&quot;style&quot;:&quot;&quot;}\"><span style=\"font-size: x-large;\" data-keep-original-tag=\"false\" data-original-attrs=\"{&quot;style&quot;:&quot;&quot;}\">\u00a0<\/span><\/div>\n<div data-original-attrs=\"{&quot;style&quot;:&quot;&quot;}\"><span style=\"font-size: x-large;\" data-keep-original-tag=\"false\" data-original-attrs=\"{&quot;style&quot;:&quot;&quot;}\">finalmente\u00a0<\/span><\/div>\n<div data-original-attrs=\"{&quot;style&quot;:&quot;&quot;}\"><span style=\"font-size: x-large;\" data-keep-original-tag=\"false\" data-original-attrs=\"{&quot;style&quot;:&quot;&quot;}\">Suas preocupa\u00e7\u00f5es e interesses em rela\u00e7\u00e3o \u00e0 confidencialidade e privacidade dos dados s\u00e3o de extrema import\u00e2ncia para n\u00f3s. Esperamos que isso seja alcan\u00e7ado por meio desta pol\u00edtica.<\/span><\/div>","protected":false},"excerpt":{"rendered":"<p>\u0627\u0644\u062e\u0635\u0648\u0635\u064a\u0629 \u0648\u0628\u064a\u0627\u0646 \u0633\u0631\u064a\u0651\u0629 \u0627\u0644\u0645\u0639\u0644\u0648\u0645\u0627\u062a \u00a0 \u0646\u0642\u062f\u0631 \u0645\u062e\u0627\u0648\u0641\u0643\u0645 \u0648\u0627\u0647\u062a\u0645\u0627\u0645\u0643\u0645 \u0628\u0634\u0623\u0646 \u062e\u0635\u0648\u0635\u064a\u0629 \u0628\u064a\u0627\u0646\u0627\u062a\u0643\u0645 \u0639\u0644\u0649 \u0634\u0628\u0643\u0629 \u0627\u0644\u0625\u0646\u062a\u0631\u0646\u062a.\u00a0 \u0644\u0642\u062f \u062a\u0645 \u0625\u0639\u062f\u0627\u062f \u0647\u0630\u0647 \u0627\u0644\u0633\u064a\u0627\u0633\u0629 \u0644\u0645\u0633\u0627\u0639\u062f\u062a\u0643\u0645 \u0641\u064a \u062a\u0641\u0647\u0645 \u0637\u0628\u064a\u0639\u0629 \u0627\u0644\u0628\u064a\u0627\u0646\u0627\u062a \u0627\u0644\u062a\u064a \u0646\u0642\u0648\u0645 \u0628\u062a\u062c\u0645\u064a\u0639\u0647\u0627 \u0645\u0646\u0643\u0645 \u0639\u0646\u062f \u0632\u064a\u0627\u0631\u062a\u0643\u0645 \u0644\u0645\u0648\u0642\u0639\u0646\u0627 \u0639\u0644\u0649 \u0634\u0628\u0643\u0629 \u0627\u0644\u0627\u0646\u062a\u0631\u0646\u062a \u0648\u0643\u064a\u0641\u064a\u0629 \u062a\u0639\u0627\u0645\u0644\u0646\u0627 \u0645\u0639 \u0647\u0630\u0647 \u0627\u0644\u0628\u064a\u0627\u0646\u0627\u062a \u0627\u0644\u0634\u062e\u0635\u064a\u0629.\u00a0 \u00a0 \u0627\u0644\u062a\u0635\u0641\u062d\u00a0 \u0644\u0645 \u0646\u0642\u0645 \u0628\u062a\u0635\u0645\u064a\u0645 \u0647\u0630\u0627 \u0627\u0644\u0645\u0648\u0642\u0639 \u0645\u0646 \u0623\u062c\u0644 \u062a\u062c\u0645\u064a\u0639 \u0628\u064a\u0627\u0646\u0627\u062a\u0643 \u0627\u0644\u0634\u062e\u0635\u064a\u0629 \u0645\u0646 \u062c\u0647\u0627\u0632 \u0627\u0644\u0643\u0645\u0628\u064a\u0648\u062a\u0631 &#8230; <\/p>\n<p class=\"read-more-container\"><a title=\"pol\u00edtica de Privacidade\" class=\"read-more button\" href=\"https:\/\/telooa.com\/pt\/politica-de-privacidade\/#more-3\" aria-label=\"Read more about \u0633\u064a\u0627\u0633\u0629 \u0627\u0644\u062e\u0635\u0648\u0635\u064a\u0629\">Leia mais<\/a><\/p>","protected":false},"author":1,"featured_media":0,"parent":0,"menu_order":0,"comment_status":"closed","ping_status":"open","template":"","meta":{"footnotes":""},"class_list":["post-3","page","type-page","status-publish"],"_links":{"self":[{"href":"https:\/\/telooa.com\/pt\/wp-json\/wp\/v2\/pages\/3","targetHints":{"allow":["GET"]}}],"collection":[{"href":"https:\/\/telooa.com\/pt\/wp-json\/wp\/v2\/pages"}],"about":[{"href":"https:\/\/telooa.com\/pt\/wp-json\/wp\/v2\/types\/page"}],"author":[{"embeddable":true,"href":"https:\/\/telooa.com\/pt\/wp-json\/wp\/v2\/users\/1"}],"replies":[{"embeddable":true,"href":"https:\/\/telooa.com\/pt\/wp-json\/wp\/v2\/comments?post=3"}],"version-history":[{"count":0,"href":"https:\/\/telooa.com\/pt\/wp-json\/wp\/v2\/pages\/3\/revisions"}],"wp:attachment":[{"href":"https:\/\/telooa.com\/pt\/wp-json\/wp\/v2\/media?parent=3"}],"curies":[{"name":"wp","href":"https:\/\/api.w.org\/{rel}","templated":true}]}}