{"id":682,"date":"2022-03-27T09:27:56","date_gmt":"2022-03-27T09:27:56","guid":{"rendered":"https:\/\/telooa.com\/?page_id=682"},"modified":"2025-05-24T19:32:51","modified_gmt":"2025-05-24T19:32:51","slug":"qui-sommes-nous","status":"publish","type":"page","link":"https:\/\/telooa.com\/fr\/qui-sommes-nous\/","title":{"rendered":"Qui sommes-nous"},"content":{"rendered":"<p>Tolo3 est une plateforme arabe qui fournit un contenu fiable et \u00e0 jour sur les meilleurs services, produits et annuaires d&#039;entreprises du monde arabe. Nous travaillons \u00e0 collecter avec pr\u00e9cision et \u00e0 mettre \u00e0 jour en permanence les informations, offrant aux lecteurs arabes une exp\u00e9rience transparente qui les aide \u00e0 prendre des d\u00e9cisions quotidiennes en toute confiance.<\/p>\n<p>Notre \u00e9quipe est compos\u00e9e de chercheurs et d&#039;\u00e9diteurs sp\u00e9cialis\u00e9s dans des domaines tels que la climatisation, l&#039;\u00e9lectrom\u00e9nager, les services immobiliers, la finance, le fitness, etc. Nous collectons des donn\u00e9es provenant de sources officielles, d&#039;avis d&#039;utilisateurs et d&#039;exp\u00e9riences r\u00e9elles, puis les reconstruisons soigneusement pour les pr\u00e9senter dans un format simplifi\u00e9 et pratique.<\/p>\n<p>Nous adh\u00e9rons aux normes EEAT d\u00e9finies par les moteurs de recherche en termes d&#039;exp\u00e9rience, de sp\u00e9cialisation, de fiabilit\u00e9 et de transparence. Par cons\u00e9quent, nous ne publions aucune information \u00e0 moins qu&#039;elle ne soit v\u00e9rifi\u00e9e et nous \u00e9vitons de recommander tout produit ou service qui n&#039;est pas digne de confiance.<\/p>\n<p>Notre objectif est que Tolo3 devienne une r\u00e9f\u00e9rence de confiance pour les utilisateurs arabes lorsqu&#039;ils recherchent le meilleur dans leur domaine. Nous sommes l\u00e0 pour vous aider \u00e0 prendre la bonne d\u00e9cision.<\/p>\n<h2>Comment pr\u00e9parons-nous le contenu sur Tolo3 ?<\/h2>\n<p>Nous pensons que des informations pr\u00e9cises sont plus importantes que toute autre chose, c&#039;est pourquoi nous nous appuyons sur des \u00e9tapes soigneusement \u00e9tudi\u00e9es lors de la r\u00e9daction et de l&#039;\u00e9dition du contenu du site Web \u00ab Tuloo \u00bb :<\/p>\n<ul>\n<li data-start=\"514\" data-end=\"612\">\n<p data-start=\"517\" data-end=\"612\"><strong data-start=\"517\" data-end=\"534\">Recherche et v\u00e9rification<\/strong>Nous collectons des informations \u00e0 partir de sources officielles, d&#039;exp\u00e9riences utilisateur r\u00e9elles et de rapports sp\u00e9cialis\u00e9s.<\/p>\n<\/li>\n<li data-start=\"613\" data-end=\"716\">\n<p data-start=\"616\" data-end=\"716\"><strong data-start=\"616\" data-end=\"637\">Analyse et comparaison<\/strong>Nous ne nous contentons pas de pr\u00e9senter des donn\u00e9es, nous les analysons et comparons les options pour fournir la meilleure solution au lecteur.<\/p>\n<\/li>\n<li data-start=\"717\" data-end=\"829\">\n<p data-start=\"720\" data-end=\"829\"><strong data-start=\"720\" data-end=\"741\">\u00c9dition professionnelle<\/strong>Les articles sont r\u00e9dig\u00e9s dans un arabe clair et standard, tout en conservant simplicit\u00e9 et pr\u00e9cision.<\/p>\n<\/li>\n<li data-start=\"830\" data-end=\"941\">\n<p data-start=\"833\" data-end=\"941\"><strong data-start=\"833\" data-end=\"853\">Examen p\u00e9riodique<\/strong>Nous r\u00e9visons p\u00e9riodiquement les articles pour mettre \u00e0 jour les prix, les donn\u00e9es ou ajouter de nouveaux d\u00e9tails d\u00e8s qu&#039;ils sont disponibles.<\/p>\n<\/li>\n<li data-start=\"942\" data-end=\"1060\">\n<p data-start=\"945\" data-end=\"1060\"><strong data-start=\"945\" data-end=\"969\">Non-alignement commercial<\/strong>Nous ne publions pas d&#039;articles promotionnels payants sans clarifier cela, et nous nous engageons \u00e0 transmettre la v\u00e9rit\u00e9 sans falsification ni flatterie.<\/p>\n<\/li>\n<\/ul>\n<p>&nbsp;<\/p>\n<p>Si vous avez des commentaires, des questions ou des suggestions, vous pouvez nous contacter via la page. <a class=\"cursor-pointer\" href=\"https:\/\/telooa.com\/fr\/contactez-nous\/\" rel=\"noopener\" data-start=\"1495\" data-end=\"1515\">Contactez-nous<\/a><\/p>","protected":false},"excerpt":{"rendered":"<p>\u0645\u0648\u0642\u0639 \u0637\u0644\u0648\u0639 \u0647\u0648 \u0645\u0646\u0635\u0629 \u0639\u0631\u0628\u064a\u0629 \u062a\u0642\u062f\u0645 \u0645\u062d\u062a\u0648\u0649 \u0645\u0648\u062b\u0648\u0642\u064b\u0627 \u0648\u0645\u062d\u062f\u062b\u064b\u0627 \u062d\u0648\u0644 \u0623\u0641\u0636\u0644 \u0627\u0644\u062e\u062f\u0645\u0627\u062a\u060c \u0627\u0644\u0645\u0646\u062a\u062c\u0627\u062a\u060c \u0648\u0627\u0644\u062f\u0644\u0627\u0626\u0644 \u0627\u0644\u062a\u062c\u0627\u0631\u064a\u0629 \u0641\u064a \u0627\u0644\u0648\u0637\u0646 \u0627\u0644\u0639\u0631\u0628\u064a. \u0646\u0639\u0645\u0644 \u0639\u0644\u0649 \u062c\u0645\u0639 \u0627\u0644\u0645\u0639\u0644\u0648\u0645\u0627\u062a \u0628\u062f\u0642\u0629 \u0648\u062a\u062d\u062f\u064a\u062b\u0647\u0627 \u0628\u0627\u0633\u062a\u0645\u0631\u0627\u0631\u060c \u0644\u0646\u0648\u0641\u0631 \u0644\u0644\u0642\u0627\u0631\u0626 \u0627\u0644\u0639\u0631\u0628\u064a \u062a\u062c\u0631\u0628\u0629 \u0633\u0644\u0633\u0629 \u062a\u0633\u0627\u0639\u062f\u0647 \u0641\u064a \u0627\u062a\u062e\u0627\u0630 \u0642\u0631\u0627\u0631\u0627\u062a\u0647 \u0627\u0644\u064a\u0648\u0645\u064a\u0629 \u0628\u062b\u0642\u0629. \u064a\u062a\u0643\u0648\u0651\u0646 \u0641\u0631\u064a\u0642\u0646\u0627 \u0645\u0646 \u0628\u0627\u062d\u062b\u064a\u0646 \u0648\u0645\u062d\u0631\u0631\u064a\u0646 \u0645\u062a\u062e\u0635\u0635\u064a\u0646 \u0641\u064a \u0645\u062c\u0627\u0644\u0627\u062a \u0645\u062b\u0644: \u0627\u0644\u062a\u0643\u064a\u064a\u0641\u060c \u0627\u0644\u0623\u062c\u0647\u0632\u0629 \u0627\u0644\u0645\u0646\u0632\u0644\u064a\u0629\u060c \u0627\u0644\u062e\u062f\u0645\u0627\u062a \u0627\u0644\u0639\u0642\u0627\u0631\u064a\u0629\u060c\u0627\u0644\u0645\u0627\u0644\u064a\u0629\u060c \u0627\u0644\u0644\u064a\u0627\u0642\u0629 \u0627\u0644\u0628\u062f\u0646\u064a\u0629\u060c \u0648\u063a\u064a\u0631\u0647\u0627. \u0646\u0642\u0648\u0645 \u0628\u062c\u0645\u0639 &#8230; <\/p>\n<p class=\"read-more-container\"><a title=\"Qui sommes-nous\" class=\"read-more button\" href=\"https:\/\/telooa.com\/fr\/qui-sommes-nous\/#more-682\" aria-label=\"En savoir plus sur \u0645\u0646 \u0646\u062d\u0646\">En savoir plus<\/a><\/p>","protected":false},"author":3,"featured_media":0,"parent":0,"menu_order":0,"comment_status":"closed","ping_status":"closed","template":"","meta":{"footnotes":""},"class_list":["post-682","page","type-page","status-publish"],"_links":{"self":[{"href":"https:\/\/telooa.com\/fr\/wp-json\/wp\/v2\/pages\/682","targetHints":{"allow":["GET"]}}],"collection":[{"href":"https:\/\/telooa.com\/fr\/wp-json\/wp\/v2\/pages"}],"about":[{"href":"https:\/\/telooa.com\/fr\/wp-json\/wp\/v2\/types\/page"}],"author":[{"embeddable":true,"href":"https:\/\/telooa.com\/fr\/wp-json\/wp\/v2\/users\/3"}],"replies":[{"embeddable":true,"href":"https:\/\/telooa.com\/fr\/wp-json\/wp\/v2\/comments?post=682"}],"version-history":[{"count":4,"href":"https:\/\/telooa.com\/fr\/wp-json\/wp\/v2\/pages\/682\/revisions"}],"predecessor-version":[{"id":14848,"href":"https:\/\/telooa.com\/fr\/wp-json\/wp\/v2\/pages\/682\/revisions\/14848"}],"wp:attachment":[{"href":"https:\/\/telooa.com\/fr\/wp-json\/wp\/v2\/media?parent=682"}],"curies":[{"name":"wp","href":"https:\/\/api.w.org\/{rel}","templated":true}]}}