{"id":3,"date":"2021-12-15T22:58:28","date_gmt":"2021-12-15T22:58:28","guid":{"rendered":"http:\/\/telooa.com\/?page_id=3"},"modified":"2022-05-17T12:40:03","modified_gmt":"2022-05-17T12:40:03","slug":"politique-de-confidentialite","status":"publish","type":"page","link":"https:\/\/telooa.com\/fr\/politique-de-confidentialite\/","title":{"rendered":"politique de confidentialit\u00e9"},"content":{"rendered":"<div data-original-attrs=\"{&quot;style&quot;:&quot;&quot;}\"><span style=\"font-size: x-large;\" data-keep-original-tag=\"false\" data-original-attrs=\"{&quot;style&quot;:&quot;&quot;}\">D\u00e9claration de confidentialit\u00e9 et de confidentialit\u00e9<\/span><\/div>\n<div data-original-attrs=\"{&quot;style&quot;:&quot;&quot;}\"><span style=\"font-size: x-large;\" data-keep-original-tag=\"false\" data-original-attrs=\"{&quot;style&quot;:&quot;&quot;}\">\u00a0<\/span><\/div>\n<div data-original-attrs=\"{&quot;style&quot;:&quot;&quot;}\"><span style=\"font-size: x-large;\" data-keep-original-tag=\"false\" data-original-attrs=\"{&quot;style&quot;:&quot;&quot;}\">Nous appr\u00e9cions vos pr\u00e9occupations et votre int\u00e9r\u00eat concernant la confidentialit\u00e9 de vos donn\u00e9es sur Internet.\u00a0<\/span><\/div>\n<div data-original-attrs=\"{&quot;style&quot;:&quot;&quot;}\"><span style=\"font-size: x-large;\" data-keep-original-tag=\"false\" data-original-attrs=\"{&quot;style&quot;:&quot;&quot;}\">Cette politique a \u00e9t\u00e9 pr\u00e9par\u00e9e pour vous aider \u00e0 comprendre la nature des donn\u00e9es que nous collectons aupr\u00e8s de vous lorsque vous visitez notre site Web et comment nous traitons ces donn\u00e9es personnelles.\u00a0<\/span><\/div>\n<div data-original-attrs=\"{&quot;style&quot;:&quot;&quot;}\"><span style=\"font-size: x-large;\" data-keep-original-tag=\"false\" data-original-attrs=\"{&quot;style&quot;:&quot;&quot;}\">\u00a0<\/span><\/div>\n<div data-original-attrs=\"{&quot;style&quot;:&quot;&quot;}\"><span style=\"font-size: x-large;\" data-keep-original-tag=\"false\" data-original-attrs=\"{&quot;style&quot;:&quot;&quot;}\">Navigation\u00a0<\/span><\/div>\n<div data-original-attrs=\"{&quot;style&quot;:&quot;&quot;}\"><span style=\"font-size: x-large;\" data-keep-original-tag=\"false\" data-original-attrs=\"{&quot;style&quot;:&quot;&quot;}\">Nous n&#039;avons pas con\u00e7u ce site Web pour collecter vos donn\u00e9es personnelles \u00e0 partir de votre ordinateur pendant que vous naviguez sur ce site Web. Au contraire, les donn\u00e9es que vous nous fournissez ne seront utilis\u00e9es qu&#039;avec votre connaissance et votre libre arbitre.\u00a0<\/span><\/div>\n<div data-original-attrs=\"{&quot;style&quot;:&quot;&quot;}\"><span style=\"font-size: x-large;\" data-keep-original-tag=\"false\" data-original-attrs=\"{&quot;style&quot;:&quot;&quot;}\">\u00a0<\/span><\/div>\n<div data-original-attrs=\"{&quot;style&quot;:&quot;&quot;}\"><span style=\"font-size: x-large;\" data-keep-original-tag=\"false\" data-original-attrs=\"{&quot;style&quot;:&quot;&quot;}\">adresse de protocole Internet (IP)\u00a0<\/span><\/div>\n<div data-original-attrs=\"{&quot;style&quot;:&quot;&quot;}\"><span style=\"font-size: x-large;\" data-keep-original-tag=\"false\" data-original-attrs=\"{&quot;style&quot;:&quot;&quot;}\">\u00a0 Chaque fois que vous visitez un site Web, y compris ce site Web, le serveur h\u00f4te enregistrera votre adresse IP (Internet Protocol), la date et l&#039;heure de votre visite, le type de navigateur Internet que vous utilisez et l&#039;URL de tout site Web qui vous a renvoy\u00e9 vers ce site Web.\u00a0<\/span><\/div>\n<div data-original-attrs=\"{&quot;style&quot;:&quot;&quot;}\"><span style=\"font-size: x-large;\" data-keep-original-tag=\"false\" data-original-attrs=\"{&quot;style&quot;:&quot;&quot;}\">\u00a0<\/span><\/div>\n<div data-original-attrs=\"{&quot;style&quot;:&quot;&quot;}\"><span style=\"font-size: x-large;\" data-keep-original-tag=\"false\" data-original-attrs=\"{&quot;style&quot;:&quot;&quot;}\">Analyses en ligne\u00a0<\/span><\/div>\n<div data-original-attrs=\"{&quot;style&quot;:&quot;&quot;}\"><span style=\"font-size: x-large;\" data-keep-original-tag=\"false\" data-original-attrs=\"{&quot;style&quot;:&quot;&quot;}\">Nos enqu\u00eates en ligne nous permettent de collecter des donn\u00e9es sp\u00e9cifiques, telles que les donn\u00e9es qui vous sont demand\u00e9es concernant vos opinions et sentiments \u00e0 propos de notre site. Vos r\u00e9ponses sont de la plus haute importance et sont appr\u00e9ci\u00e9es, car elles nous permettent d&#039;am\u00e9liorer la qualit\u00e9 de notre site. Vous \u00eates libre de choisir de fournir ou non des donn\u00e9es relatives \u00e0 votre nom et \u00e0 d\u2019autres donn\u00e9es.\u00a0<\/span><\/div>\n<div data-original-attrs=\"{&quot;style&quot;:&quot;&quot;}\"><span style=\"font-size: x-large;\" data-keep-original-tag=\"false\" data-original-attrs=\"{&quot;style&quot;:&quot;&quot;}\">\u00a0<\/span><\/div>\n<div data-original-attrs=\"{&quot;style&quot;:&quot;&quot;}\"><span style=\"font-size: x-large;\" data-keep-original-tag=\"false\" data-original-attrs=\"{&quot;style&quot;:&quot;&quot;}\">Liens vers d&#039;autres sites Web\u00a0<\/span><\/div>\n<div data-original-attrs=\"{&quot;style&quot;:&quot;&quot;}\"><span style=\"font-size: x-large;\" data-keep-original-tag=\"false\" data-original-attrs=\"{&quot;style&quot;:&quot;&quot;}\">Notre site Web peut contenir des liens vers d\u2019autres sites Web sur Internet. Ou des publicit\u00e9s provenant d&#039;autres sites tels que Google AdSense, et nous ne sommes pas responsables des m\u00e9thodes de collecte de donn\u00e9es par ces sites. Vous pouvez consulter les politiques de confidentialit\u00e9 et le contenu des sites accessibles via n&#039;importe quel lien sur ce site.\u00a0<\/span><\/div>\n<div data-original-attrs=\"{&quot;style&quot;:&quot;&quot;}\"><span style=\"font-size: x-large;\" data-keep-original-tag=\"false\" data-original-attrs=\"{&quot;style&quot;:&quot;&quot;}\">\u00a0<\/span><\/div>\n<div data-original-attrs=\"{&quot;style&quot;:&quot;&quot;}\"><span style=\"font-size: x-large;\" data-keep-original-tag=\"false\" data-original-attrs=\"{&quot;style&quot;:&quot;&quot;}\">Nous pouvons faire appel \u00e0 des soci\u00e9t\u00e9s de publicit\u00e9 tierces pour diffuser des publicit\u00e9s lorsque vous visitez notre site Web. Ces soci\u00e9t\u00e9s peuvent utiliser des informations sur vos visites sur ce site Web et sur d&#039;autres sites Web (\u00e0 l&#039;exclusion de votre nom, adresse, adresse e-mail ou num\u00e9ro de t\u00e9l\u00e9phone) afin de fournir des publicit\u00e9s sur des biens et services susceptibles de vous int\u00e9resser. Si vous souhaitez plus d&#039;informations \u00e0 ce sujet et conna\u00eetre vos choix pour ne pas que ces informations soient utilis\u00e9es par ces soci\u00e9t\u00e9s, veuillez cliquer ici.\u00a0<\/span><\/div>\n<div data-original-attrs=\"{&quot;style&quot;:&quot;&quot;}\"><span style=\"font-size: x-large;\" data-keep-original-tag=\"false\" data-original-attrs=\"{&quot;style&quot;:&quot;&quot;}\">\u00a0<\/span><\/div>\n<div data-original-attrs=\"{&quot;style&quot;:&quot;&quot;}\"><span style=\"font-size: x-large;\" data-keep-original-tag=\"false\" data-original-attrs=\"{&quot;style&quot;:&quot;&quot;}\">Divulgation d&#039;informations\u00a0<\/span><\/div>\n<div data-original-attrs=\"{&quot;style&quot;:&quot;&quot;}\"><span style=\"font-size: x-large;\" data-keep-original-tag=\"false\" data-original-attrs=\"{&quot;style&quot;:&quot;&quot;}\">Nous maintiendrons \u00e0 tout moment la confidentialit\u00e9 et la confidentialit\u00e9 de toutes les donn\u00e9es personnelles que nous obtenons. Ces informations ne seront pas divulgu\u00e9es, sauf si la loi l&#039;exige ou lorsque nous pensons de bonne foi qu&#039;une telle action sera n\u00e9cessaire ou souhaitable pour se conformer \u00e0 la loi, ou pour d\u00e9fendre ou prot\u00e9ger les droits de propri\u00e9t\u00e9 de ce site ou de ses b\u00e9n\u00e9ficiaires.\u00a0<\/span><\/div>\n<div data-original-attrs=\"{&quot;style&quot;:&quot;&quot;}\"><span style=\"font-size: x-large;\" data-keep-original-tag=\"false\" data-original-attrs=\"{&quot;style&quot;:&quot;&quot;}\">\u00a0<\/span><\/div>\n<div data-original-attrs=\"{&quot;style&quot;:&quot;&quot;}\"><span style=\"font-size: x-large;\" data-keep-original-tag=\"false\" data-original-attrs=\"{&quot;style&quot;:&quot;&quot;}\">Donn\u00e9es n\u00e9cessaires pour effectuer les transactions que vous demandez\u00a0<\/span><\/div>\n<div data-original-attrs=\"{&quot;style&quot;:&quot;&quot;}\"><span style=\"font-size: x-large;\" data-keep-original-tag=\"false\" data-original-attrs=\"{&quot;style&quot;:&quot;&quot;}\">Lorsque nous avons besoin de donn\u00e9es vous concernant, nous vous demanderons de les fournir volontairement. Ces informations nous aideront \u00e0 vous contacter et \u00e0 r\u00e9pondre \u00e0 vos demandes dans la mesure du possible. Les donn\u00e9es que vous nous fournissez ne seront jamais vendues \u00e0 des tiers \u00e0 des fins de commercialisation \u00e0 leur profit sans avoir obtenu votre consentement \u00e9crit pr\u00e9alable, sauf si cela est fait sur la base qu&#039;elles font partie de donn\u00e9es collectives utilis\u00e9es \u00e0 des fins statistiques et de recherche sans inclure aucune donn\u00e9e qui pourrait \u00eatre utilis\u00e9e pour vous identifier.\u00a0<\/span><\/div>\n<div data-original-attrs=\"{&quot;style&quot;:&quot;&quot;}\"><span style=\"font-size: x-large;\" data-keep-original-tag=\"false\" data-original-attrs=\"{&quot;style&quot;:&quot;&quot;}\">\u00a0<\/span><\/div>\n<div data-original-attrs=\"{&quot;style&quot;:&quot;&quot;}\"><span style=\"font-size: x-large;\" data-keep-original-tag=\"false\" data-original-attrs=\"{&quot;style&quot;:&quot;&quot;}\">Lorsque vous nous contactez\u00a0<\/span><\/div>\n<div data-original-attrs=\"{&quot;style&quot;:&quot;&quot;}\"><span style=\"font-size: x-large;\" data-keep-original-tag=\"false\" data-original-attrs=\"{&quot;style&quot;:&quot;&quot;}\">Toutes les donn\u00e9es que vous nous fournirez seront trait\u00e9es de mani\u00e8re confidentielle. Les formulaires soumis directement sur le r\u00e9seau n\u00e9cessitent la fourniture de donn\u00e9es qui nous aideront \u00e0 am\u00e9liorer notre site Web. Les donn\u00e9es que vous nous fournissez seront utilis\u00e9es pour r\u00e9pondre \u00e0 toutes vos demandes, commentaires ou requ\u00eates provenant de ce site Web ou de l&#039;un de ses sites Web affili\u00e9s.\u00a0<\/span><\/div>\n<div data-original-attrs=\"{&quot;style&quot;:&quot;&quot;}\"><span style=\"font-size: x-large;\" data-keep-original-tag=\"false\" data-original-attrs=\"{&quot;style&quot;:&quot;&quot;}\">\u00a0<\/span><\/div>\n<div data-original-attrs=\"{&quot;style&quot;:&quot;&quot;}\"><span style=\"font-size: x-large;\" data-keep-original-tag=\"false\" data-original-attrs=\"{&quot;style&quot;:&quot;&quot;}\">Divulgation d&#039;informations \u00e0 des tiers<\/span><\/div>\n<div data-original-attrs=\"{&quot;style&quot;:&quot;&quot;}\"><span style=\"font-size: x-large;\" data-keep-original-tag=\"false\" data-original-attrs=\"{&quot;style&quot;:&quot;&quot;}\">Nous ne vendrons, n&#039;\u00e9changerons, ne louerons ni ne divulguerons aucune information \u00e0 des tiers en dehors de ce site Web ou de ses sites affili\u00e9s. Les informations ne seront divulgu\u00e9es que si une autorit\u00e9 judiciaire ou r\u00e9glementaire l\u2019ordonne.\u00a0<\/span><\/div>\n<div data-original-attrs=\"{&quot;style&quot;:&quot;&quot;}\"><span style=\"font-size: x-large;\" data-keep-original-tag=\"false\" data-original-attrs=\"{&quot;style&quot;:&quot;&quot;}\">\u00a0<\/span><\/div>\n<div data-original-attrs=\"{&quot;style&quot;:&quot;&quot;}\"><span style=\"font-size: x-large;\" data-keep-original-tag=\"false\" data-original-attrs=\"{&quot;style&quot;:&quot;&quot;}\">Modifications de la politique de confidentialit\u00e9 et de protection des renseignements personnels\u00a0<\/span><\/div>\n<div data-original-attrs=\"{&quot;style&quot;:&quot;&quot;}\"><span style=\"font-size: x-large;\" data-keep-original-tag=\"false\" data-original-attrs=\"{&quot;style&quot;:&quot;&quot;}\">Nous nous r\u00e9servons le droit de modifier les termes et conditions de la Politique de confidentialit\u00e9 et de confidentialit\u00e9 des informations si n\u00e9cessaire et lorsque cela est appropri\u00e9. Les modifications seront mises en \u0153uvre ici ou sur la page principale de la politique de confidentialit\u00e9 et vous serez continuellement inform\u00e9 des donn\u00e9es que nous avons obtenues, de la mani\u00e8re dont nous les utiliserons et \u00e0 qui nous les fournirons.\u00a0<\/span><\/div>\n<div data-original-attrs=\"{&quot;style&quot;:&quot;&quot;}\"><span style=\"font-size: x-large;\" data-keep-original-tag=\"false\" data-original-attrs=\"{&quot;style&quot;:&quot;&quot;}\">\u00a0<\/span><\/div>\n<div data-original-attrs=\"{&quot;style&quot;:&quot;&quot;}\"><span style=\"font-size: x-large;\" data-keep-original-tag=\"false\" data-original-attrs=\"{&quot;style&quot;:&quot;&quot;}\">Contactez-nous\u00a0<\/span><\/div>\n<div data-original-attrs=\"{&quot;style&quot;:&quot;&quot;}\"><span style=\"font-size: x-large;\" data-keep-original-tag=\"false\" data-original-attrs=\"{&quot;style&quot;:&quot;&quot;}\">Vous pouvez nous contacter en cas de besoin en cliquant sur le lien Contactez-nous disponible sur notre site Web.\u00a0<\/span><\/div>\n<div data-original-attrs=\"{&quot;style&quot;:&quot;&quot;}\"><span style=\"font-size: x-large;\" data-keep-original-tag=\"false\" data-original-attrs=\"{&quot;style&quot;:&quot;&quot;}\">\u00a0<\/span><\/div>\n<div data-original-attrs=\"{&quot;style&quot;:&quot;&quot;}\"><span style=\"font-size: x-large;\" data-keep-original-tag=\"false\" data-original-attrs=\"{&quot;style&quot;:&quot;&quot;}\">enfin\u00a0<\/span><\/div>\n<div data-original-attrs=\"{&quot;style&quot;:&quot;&quot;}\"><span style=\"font-size: x-large;\" data-keep-original-tag=\"false\" data-original-attrs=\"{&quot;style&quot;:&quot;&quot;}\">Vos pr\u00e9occupations et votre int\u00e9r\u00eat concernant la confidentialit\u00e9 et la protection des donn\u00e9es sont de la plus haute importance pour nous. Nous esp\u00e9rons que cela sera r\u00e9alis\u00e9 gr\u00e2ce \u00e0 cette politique.<\/span><\/div>","protected":false},"excerpt":{"rendered":"<p>D\u00e9claration de confidentialit\u00e9 et de confidentialit\u00e9\u00a0: Nous comprenons vos pr\u00e9occupations et votre int\u00e9r\u00eat pour la confidentialit\u00e9 de vos donn\u00e9es en ligne. Cette politique a \u00e9t\u00e9 \u00e9labor\u00e9e pour vous aider \u00e0 comprendre la nature des donn\u00e9es que nous collectons lorsque vous visitez notre site web et la mani\u00e8re dont nous les traitons. Navigation\u00a0: Ce site web n\u2019a pas \u00e9t\u00e9 con\u00e7u pour collecter vos donn\u00e9es personnelles depuis votre ordinateur\u2026 <\/p>\n<p class=\"read-more-container\"><a title=\"politique de confidentialit\u00e9\" class=\"read-more button\" href=\"https:\/\/telooa.com\/fr\/politique-de-confidentialite\/#more-3\" aria-label=\"En savoir plus sur la politique de confidentialit\u00e9\">En savoir plus<\/a><\/p>","protected":false},"author":1,"featured_media":0,"parent":0,"menu_order":0,"comment_status":"closed","ping_status":"open","template":"","meta":{"footnotes":""},"class_list":["post-3","page","type-page","status-publish"],"_links":{"self":[{"href":"https:\/\/telooa.com\/fr\/wp-json\/wp\/v2\/pages\/3","targetHints":{"allow":["GET"]}}],"collection":[{"href":"https:\/\/telooa.com\/fr\/wp-json\/wp\/v2\/pages"}],"about":[{"href":"https:\/\/telooa.com\/fr\/wp-json\/wp\/v2\/types\/page"}],"author":[{"embeddable":true,"href":"https:\/\/telooa.com\/fr\/wp-json\/wp\/v2\/users\/1"}],"replies":[{"embeddable":true,"href":"https:\/\/telooa.com\/fr\/wp-json\/wp\/v2\/comments?post=3"}],"version-history":[{"count":0,"href":"https:\/\/telooa.com\/fr\/wp-json\/wp\/v2\/pages\/3\/revisions"}],"wp:attachment":[{"href":"https:\/\/telooa.com\/fr\/wp-json\/wp\/v2\/media?parent=3"}],"curies":[{"name":"wp","href":"https:\/\/api.w.org\/{rel}","templated":true}]}}