{"id":682,"date":"2022-03-27T09:27:56","date_gmt":"2022-03-27T09:27:56","guid":{"rendered":"https:\/\/telooa.com\/?page_id=682"},"modified":"2025-05-24T19:32:51","modified_gmt":"2025-05-24T19:32:51","slug":"quienes-somos","status":"publish","type":"page","link":"https:\/\/telooa.com\/es\/quienes-somos\/","title":{"rendered":"Quienes somos"},"content":{"rendered":"<p>Tolo3 es una plataforma \u00e1rabe que ofrece contenido confiable y actualizado sobre los mejores servicios, productos y directorios comerciales del mundo \u00e1rabe. Trabajamos para recopilar informaci\u00f3n con precisi\u00f3n y actualizarla continuamente, brindando a los lectores \u00e1rabes una experiencia fluida que les ayude a tomar decisiones diarias seguras.<\/p>\n<p>Nuestro equipo est\u00e1 formado por investigadores y editores especializados en campos como aire acondicionado, electrodom\u00e9sticos, servicios inmobiliarios, finanzas, fitness y m\u00e1s. Recopilamos datos de fuentes oficiales, rese\u00f1as de usuarios y experiencias reales, luego los reconstruimos cuidadosamente para presentarlos en un formato simplificado y pr\u00e1ctico.<\/p>\n<p>Nos adherimos a los est\u00e1ndares EEAT establecidos por los motores de b\u00fasqueda en t\u00e9rminos de experiencia, especializaci\u00f3n, confiabilidad y transparencia. Por lo tanto, no publicamos ninguna informaci\u00f3n a menos que est\u00e9 verificada y evitamos recomendar cualquier producto o servicio que no sea confiable.<\/p>\n<p>Nuestro objetivo es que Tolo3 se convierta en una referencia confiable para los usuarios \u00e1rabes cuando buscan lo mejor en su campo. Estamos aqu\u00ed para ayudarle a tomar la decisi\u00f3n correcta.<\/p>\n<h2>\u00bfC\u00f3mo preparamos contenidos en Tolo3?<\/h2>\n<p>Creemos que la informaci\u00f3n precisa es m\u00e1s importante que cualquier otra cosa, por lo que nos basamos en pasos cuidadosamente considerados al escribir y editar el contenido del sitio web \u201cTuloo\u201d:<\/p>\n<ul>\n<li data-start=\"514\" data-end=\"612\">\n<p data-start=\"517\" data-end=\"612\"><strong data-start=\"517\" data-end=\"534\">Investigaci\u00f3n y verificaci\u00f3n<\/strong>Recopilamos informaci\u00f3n de fuentes oficiales, experiencias reales de usuarios e informes especializados.<\/p>\n<\/li>\n<li data-start=\"613\" data-end=\"716\">\n<p data-start=\"616\" data-end=\"716\"><strong data-start=\"616\" data-end=\"637\">An\u00e1lisis y comparaci\u00f3n<\/strong>No solo presentamos datos, los analizamos y comparamos opciones para brindar la mejor soluci\u00f3n al lector.<\/p>\n<\/li>\n<li data-start=\"717\" data-end=\"829\">\n<p data-start=\"720\" data-end=\"829\"><strong data-start=\"720\" data-end=\"741\">Edici\u00f3n profesional<\/strong>Los art\u00edculos est\u00e1n escritos en un \u00e1rabe claro y est\u00e1ndar, manteniendo la simplicidad y la precisi\u00f3n.<\/p>\n<\/li>\n<li data-start=\"830\" data-end=\"941\">\n<p data-start=\"833\" data-end=\"941\"><strong data-start=\"833\" data-end=\"853\">Revisi\u00f3n peri\u00f3dica<\/strong>Revisamos los art\u00edculos peri\u00f3dicamente para actualizar precios, datos o agregar nuevos detalles a medida que est\u00e9n disponibles.<\/p>\n<\/li>\n<li data-start=\"942\" data-end=\"1060\">\n<p data-start=\"945\" data-end=\"1060\"><strong data-start=\"945\" data-end=\"969\">No alineaci\u00f3n comercial<\/strong>No publicamos art\u00edculos promocionales pagados sin aclarar esto y estamos comprometidos a transmitir la verdad sin falsificaciones ni halagos.<\/p>\n<\/li>\n<\/ul>\n<p>&nbsp;<\/p>\n<p>Si tienes alg\u00fan comentario, pregunta o sugerencia puedes contactarnos a trav\u00e9s de la p\u00e1gina. <a class=\"cursor-pointer\" href=\"https:\/\/telooa.com\/es\/contactanos\/\" rel=\"noopener\" data-start=\"1495\" data-end=\"1515\">Cont\u00e1ctanos<\/a><\/p>","protected":false},"excerpt":{"rendered":"<p>Tolo3 es una plataforma \u00e1rabe que ofrece contenido confiable y actualizado sobre los mejores servicios, productos y directorios empresariales del mundo \u00e1rabe. Nos esforzamos por recopilar informaci\u00f3n precisa y actualizarla continuamente, ofreciendo a los lectores \u00e1rabes una experiencia fluida que les ayuda a tomar decisiones diarias con confianza. Nuestro equipo est\u00e1 formado por investigadores y editores especializados en \u00e1reas como aire acondicionado, electrodom\u00e9sticos, servicios inmobiliarios, finanzas, fitness y m\u00e1s. Recopilamos\u2026 <\/p>\n<p class=\"read-more-container\"><a title=\"Quienes somos\" class=\"read-more button\" href=\"https:\/\/telooa.com\/es\/quienes-somos\/#more-682\" aria-label=\"Lea m\u00e1s sobre qui\u00e9nes somos\">Leer m\u00e1s<\/a><\/p>","protected":false},"author":3,"featured_media":0,"parent":0,"menu_order":0,"comment_status":"closed","ping_status":"closed","template":"","meta":{"footnotes":""},"class_list":["post-682","page","type-page","status-publish"],"_links":{"self":[{"href":"https:\/\/telooa.com\/es\/wp-json\/wp\/v2\/pages\/682","targetHints":{"allow":["GET"]}}],"collection":[{"href":"https:\/\/telooa.com\/es\/wp-json\/wp\/v2\/pages"}],"about":[{"href":"https:\/\/telooa.com\/es\/wp-json\/wp\/v2\/types\/page"}],"author":[{"embeddable":true,"href":"https:\/\/telooa.com\/es\/wp-json\/wp\/v2\/users\/3"}],"replies":[{"embeddable":true,"href":"https:\/\/telooa.com\/es\/wp-json\/wp\/v2\/comments?post=682"}],"version-history":[{"count":4,"href":"https:\/\/telooa.com\/es\/wp-json\/wp\/v2\/pages\/682\/revisions"}],"predecessor-version":[{"id":14848,"href":"https:\/\/telooa.com\/es\/wp-json\/wp\/v2\/pages\/682\/revisions\/14848"}],"wp:attachment":[{"href":"https:\/\/telooa.com\/es\/wp-json\/wp\/v2\/media?parent=682"}],"curies":[{"name":"wp","href":"https:\/\/api.w.org\/{rel}","templated":true}]}}