{"id":3,"date":"2021-12-15T22:58:28","date_gmt":"2021-12-15T22:58:28","guid":{"rendered":"http:\/\/telooa.com\/?page_id=3"},"modified":"2022-05-17T12:40:03","modified_gmt":"2022-05-17T12:40:03","slug":"politica-de-privacidad","status":"publish","type":"page","link":"https:\/\/telooa.com\/es\/politica-de-privacidad\/","title":{"rendered":"pol\u00edtica de privacidad"},"content":{"rendered":"<div data-original-attrs=\"{&quot;style&quot;:&quot;&quot;}\"><span style=\"font-size: x-large;\" data-keep-original-tag=\"false\" data-original-attrs=\"{&quot;style&quot;:&quot;&quot;}\">Declaraci\u00f3n de privacidad y confidencialidad<\/span><\/div>\n<div data-original-attrs=\"{&quot;style&quot;:&quot;&quot;}\"><span style=\"font-size: x-large;\" data-keep-original-tag=\"false\" data-original-attrs=\"{&quot;style&quot;:&quot;&quot;}\">\u00a0<\/span><\/div>\n<div data-original-attrs=\"{&quot;style&quot;:&quot;&quot;}\"><span style=\"font-size: x-large;\" data-keep-original-tag=\"false\" data-original-attrs=\"{&quot;style&quot;:&quot;&quot;}\">Apreciamos sus preocupaciones e inter\u00e9s con respecto a la privacidad de sus datos en Internet.\u00a0<\/span><\/div>\n<div data-original-attrs=\"{&quot;style&quot;:&quot;&quot;}\"><span style=\"font-size: x-large;\" data-keep-original-tag=\"false\" data-original-attrs=\"{&quot;style&quot;:&quot;&quot;}\">Esta pol\u00edtica ha sido preparada para ayudarle a comprender la naturaleza de los datos que recopilamos de usted cuando visita nuestro sitio web y c\u00f3mo manejamos estos datos personales.\u00a0<\/span><\/div>\n<div data-original-attrs=\"{&quot;style&quot;:&quot;&quot;}\"><span style=\"font-size: x-large;\" data-keep-original-tag=\"false\" data-original-attrs=\"{&quot;style&quot;:&quot;&quot;}\">\u00a0<\/span><\/div>\n<div data-original-attrs=\"{&quot;style&quot;:&quot;&quot;}\"><span style=\"font-size: x-large;\" data-keep-original-tag=\"false\" data-original-attrs=\"{&quot;style&quot;:&quot;&quot;}\">Hojeada\u00a0<\/span><\/div>\n<div data-original-attrs=\"{&quot;style&quot;:&quot;&quot;}\"><span style=\"font-size: x-large;\" data-keep-original-tag=\"false\" data-original-attrs=\"{&quot;style&quot;:&quot;&quot;}\">No hemos dise\u00f1ado este sitio web para recopilar sus datos personales de su computadora mientras navega por este sitio web. M\u00e1s bien, los datos por usted facilitados s\u00f3lo se utilizar\u00e1n con su conocimiento y libre voluntad.\u00a0<\/span><\/div>\n<div data-original-attrs=\"{&quot;style&quot;:&quot;&quot;}\"><span style=\"font-size: x-large;\" data-keep-original-tag=\"false\" data-original-attrs=\"{&quot;style&quot;:&quot;&quot;}\">\u00a0<\/span><\/div>\n<div data-original-attrs=\"{&quot;style&quot;:&quot;&quot;}\"><span style=\"font-size: x-large;\" data-keep-original-tag=\"false\" data-original-attrs=\"{&quot;style&quot;:&quot;&quot;}\">Direcci\u00f3n de Protocolo de Internet (IP)\u00a0<\/span><\/div>\n<div data-original-attrs=\"{&quot;style&quot;:&quot;&quot;}\"><span style=\"font-size: x-large;\" data-keep-original-tag=\"false\" data-original-attrs=\"{&quot;style&quot;:&quot;&quot;}\">\u00a0 Cada vez que visite cualquier sitio web, incluido este sitio web, el servidor anfitri\u00f3n registrar\u00e1 su direcci\u00f3n de Protocolo de Internet (IP), la fecha y hora de su visita, el tipo de navegador de Internet que est\u00e1 utilizando y la URL de cualquier sitio web que lo haya referido a este sitio web.\u00a0<\/span><\/div>\n<div data-original-attrs=\"{&quot;style&quot;:&quot;&quot;}\"><span style=\"font-size: x-large;\" data-keep-original-tag=\"false\" data-original-attrs=\"{&quot;style&quot;:&quot;&quot;}\">\u00a0<\/span><\/div>\n<div data-original-attrs=\"{&quot;style&quot;:&quot;&quot;}\"><span style=\"font-size: x-large;\" data-keep-original-tag=\"false\" data-original-attrs=\"{&quot;style&quot;:&quot;&quot;}\">Escaneos en l\u00ednea\u00a0<\/span><\/div>\n<div data-original-attrs=\"{&quot;style&quot;:&quot;&quot;}\"><span style=\"font-size: x-large;\" data-keep-original-tag=\"false\" data-original-attrs=\"{&quot;style&quot;:&quot;&quot;}\">Nuestras encuestas en l\u00ednea nos permiten recopilar datos espec\u00edficos, como los datos que le solicitamos sobre sus opiniones y sentimientos sobre nuestro sitio. Sus respuestas son de suma importancia y son apreciadas, ya que nos permiten mejorar la calidad de nuestro sitio. Usted es libre de elegir si desea proporcionar datos relacionados con su nombre y otros datos.\u00a0<\/span><\/div>\n<div data-original-attrs=\"{&quot;style&quot;:&quot;&quot;}\"><span style=\"font-size: x-large;\" data-keep-original-tag=\"false\" data-original-attrs=\"{&quot;style&quot;:&quot;&quot;}\">\u00a0<\/span><\/div>\n<div data-original-attrs=\"{&quot;style&quot;:&quot;&quot;}\"><span style=\"font-size: x-large;\" data-keep-original-tag=\"false\" data-original-attrs=\"{&quot;style&quot;:&quot;&quot;}\">Enlaces a otros sitios web\u00a0<\/span><\/div>\n<div data-original-attrs=\"{&quot;style&quot;:&quot;&quot;}\"><span style=\"font-size: x-large;\" data-keep-original-tag=\"false\" data-original-attrs=\"{&quot;style&quot;:&quot;&quot;}\">Nuestro sitio web puede contener enlaces a otros sitios web en Internet. O anuncios de otros sitios como Google AdSense, y no somos responsables de los m\u00e9todos de recopilaci\u00f3n de datos de esos sitios. Podr\u00e1s consultar las pol\u00edticas de privacidad y el contenido de aquellos sitios a los que se acceda a trav\u00e9s de cualquier enlace de este sitio.\u00a0<\/span><\/div>\n<div data-original-attrs=\"{&quot;style&quot;:&quot;&quot;}\"><span style=\"font-size: x-large;\" data-keep-original-tag=\"false\" data-original-attrs=\"{&quot;style&quot;:&quot;&quot;}\">\u00a0<\/span><\/div>\n<div data-original-attrs=\"{&quot;style&quot;:&quot;&quot;}\"><span style=\"font-size: x-large;\" data-keep-original-tag=\"false\" data-original-attrs=\"{&quot;style&quot;:&quot;&quot;}\">Podemos utilizar empresas de publicidad de terceros para mostrar anuncios cuando visite nuestro sitio web. Estas empresas pueden utilizar informaci\u00f3n sobre sus visitas a este y otros sitios web (sin incluir su nombre, direcci\u00f3n, direcci\u00f3n de correo electr\u00f3nico o n\u00famero de tel\u00e9fono) para proporcionar anuncios sobre bienes y servicios que sean de su inter\u00e9s. Si desea obtener m\u00e1s informaci\u00f3n sobre esto y conocer sus opciones para que estas empresas no utilicen esta informaci\u00f3n, haga clic aqu\u00ed.\u00a0<\/span><\/div>\n<div data-original-attrs=\"{&quot;style&quot;:&quot;&quot;}\"><span style=\"font-size: x-large;\" data-keep-original-tag=\"false\" data-original-attrs=\"{&quot;style&quot;:&quot;&quot;}\">\u00a0<\/span><\/div>\n<div data-original-attrs=\"{&quot;style&quot;:&quot;&quot;}\"><span style=\"font-size: x-large;\" data-keep-original-tag=\"false\" data-original-attrs=\"{&quot;style&quot;:&quot;&quot;}\">Divulgaci\u00f3n de informaci\u00f3n\u00a0<\/span><\/div>\n<div data-original-attrs=\"{&quot;style&quot;:&quot;&quot;}\"><span style=\"font-size: x-large;\" data-keep-original-tag=\"false\" data-original-attrs=\"{&quot;style&quot;:&quot;&quot;}\">Mantendremos en todo momento la privacidad y confidencialidad de todos los datos personales que obtengamos. Esta informaci\u00f3n no ser\u00e1 divulgada a menos que lo requiera alguna ley o cuando creamos de buena fe que dicha acci\u00f3n ser\u00e1 necesaria o deseable para cumplir con la ley, o para defender o proteger los derechos de propiedad de este sitio o sus beneficiarios.\u00a0<\/span><\/div>\n<div data-original-attrs=\"{&quot;style&quot;:&quot;&quot;}\"><span style=\"font-size: x-large;\" data-keep-original-tag=\"false\" data-original-attrs=\"{&quot;style&quot;:&quot;&quot;}\">\u00a0<\/span><\/div>\n<div data-original-attrs=\"{&quot;style&quot;:&quot;&quot;}\"><span style=\"font-size: x-large;\" data-keep-original-tag=\"false\" data-original-attrs=\"{&quot;style&quot;:&quot;&quot;}\">Datos necesarios para realizar las transacciones solicitadas por usted\u00a0<\/span><\/div>\n<div data-original-attrs=\"{&quot;style&quot;:&quot;&quot;}\"><span style=\"font-size: x-large;\" data-keep-original-tag=\"false\" data-original-attrs=\"{&quot;style&quot;:&quot;&quot;}\">Cuando necesitemos alg\u00fan dato sobre usted, le solicitaremos que nos lo proporcione voluntariamente. Esta informaci\u00f3n nos ayudar\u00e1 a comunicarnos con usted y cumplir con sus solicitudes cuando sea posible. Los datos por usted facilitados nunca ser\u00e1n vendidos a ning\u00fan tercero con el fin de comercializarlos en su propio beneficio sin obtener su previo consentimiento por escrito, salvo que ello se haga sobre la base de que forman parte de datos colectivos utilizados con fines estad\u00edsticos y de investigaci\u00f3n sin incluir ning\u00fan dato que pueda utilizarse para identificarle.\u00a0<\/span><\/div>\n<div data-original-attrs=\"{&quot;style&quot;:&quot;&quot;}\"><span style=\"font-size: x-large;\" data-keep-original-tag=\"false\" data-original-attrs=\"{&quot;style&quot;:&quot;&quot;}\">\u00a0<\/span><\/div>\n<div data-original-attrs=\"{&quot;style&quot;:&quot;&quot;}\"><span style=\"font-size: x-large;\" data-keep-original-tag=\"false\" data-original-attrs=\"{&quot;style&quot;:&quot;&quot;}\">Cuando usted se pone en contacto con nosotros\u00a0<\/span><\/div>\n<div data-original-attrs=\"{&quot;style&quot;:&quot;&quot;}\"><span style=\"font-size: x-large;\" data-keep-original-tag=\"false\" data-original-attrs=\"{&quot;style&quot;:&quot;&quot;}\">Todos los datos por usted facilitados ser\u00e1n tratados de forma confidencial. Los formularios enviados directamente en la red requieren el suministro de datos que nos ayudar\u00e1n a mejorar nuestro sitio web. Los datos por usted facilitados ser\u00e1n utilizados para responder a todas sus consultas, comentarios o solicitudes de este sitio web o de cualquiera de sus sitios web afiliados.\u00a0<\/span><\/div>\n<div data-original-attrs=\"{&quot;style&quot;:&quot;&quot;}\"><span style=\"font-size: x-large;\" data-keep-original-tag=\"false\" data-original-attrs=\"{&quot;style&quot;:&quot;&quot;}\">\u00a0<\/span><\/div>\n<div data-original-attrs=\"{&quot;style&quot;:&quot;&quot;}\"><span style=\"font-size: x-large;\" data-keep-original-tag=\"false\" data-original-attrs=\"{&quot;style&quot;:&quot;&quot;}\">Divulgaci\u00f3n de informaci\u00f3n a terceros<\/span><\/div>\n<div data-original-attrs=\"{&quot;style&quot;:&quot;&quot;}\"><span style=\"font-size: x-large;\" data-keep-original-tag=\"false\" data-original-attrs=\"{&quot;style&quot;:&quot;&quot;}\">No venderemos, intercambiaremos, alquilaremos ni divulgaremos ninguna informaci\u00f3n a ning\u00fan tercero fuera de este sitio web o sus sitios afiliados. La informaci\u00f3n s\u00f3lo se divulgar\u00e1 si as\u00ed lo ordena cualquier autoridad judicial o reguladora.\u00a0<\/span><\/div>\n<div data-original-attrs=\"{&quot;style&quot;:&quot;&quot;}\"><span style=\"font-size: x-large;\" data-keep-original-tag=\"false\" data-original-attrs=\"{&quot;style&quot;:&quot;&quot;}\">\u00a0<\/span><\/div>\n<div data-original-attrs=\"{&quot;style&quot;:&quot;&quot;}\"><span style=\"font-size: x-large;\" data-keep-original-tag=\"false\" data-original-attrs=\"{&quot;style&quot;:&quot;&quot;}\">Modificaciones a la Pol\u00edtica de Confidencialidad y Privacidad de la Informaci\u00f3n\u00a0<\/span><\/div>\n<div data-original-attrs=\"{&quot;style&quot;:&quot;&quot;}\"><span style=\"font-size: x-large;\" data-keep-original-tag=\"false\" data-original-attrs=\"{&quot;style&quot;:&quot;&quot;}\">Nos reservamos el derecho de modificar los t\u00e9rminos y condiciones de la Pol\u00edtica de Confidencialidad y Privacidad de la Informaci\u00f3n cuando sea necesario y apropiado. Los cambios se implementar\u00e1n aqu\u00ed o en la p\u00e1gina principal de Pol\u00edtica de Privacidad y se le notificar\u00e1 continuamente sobre los datos que hemos obtenido, c\u00f3mo los utilizaremos y a qui\u00e9n se los proporcionaremos.\u00a0<\/span><\/div>\n<div data-original-attrs=\"{&quot;style&quot;:&quot;&quot;}\"><span style=\"font-size: x-large;\" data-keep-original-tag=\"false\" data-original-attrs=\"{&quot;style&quot;:&quot;&quot;}\">\u00a0<\/span><\/div>\n<div data-original-attrs=\"{&quot;style&quot;:&quot;&quot;}\"><span style=\"font-size: x-large;\" data-keep-original-tag=\"false\" data-original-attrs=\"{&quot;style&quot;:&quot;&quot;}\">Cont\u00e1ctanos\u00a0<\/span><\/div>\n<div data-original-attrs=\"{&quot;style&quot;:&quot;&quot;}\"><span style=\"font-size: x-large;\" data-keep-original-tag=\"false\" data-original-attrs=\"{&quot;style&quot;:&quot;&quot;}\">Puede contactarnos cuando lo necesite haciendo clic en el enlace Cont\u00e1ctenos disponible en nuestro sitio web.\u00a0<\/span><\/div>\n<div data-original-attrs=\"{&quot;style&quot;:&quot;&quot;}\"><span style=\"font-size: x-large;\" data-keep-original-tag=\"false\" data-original-attrs=\"{&quot;style&quot;:&quot;&quot;}\">\u00a0<\/span><\/div>\n<div data-original-attrs=\"{&quot;style&quot;:&quot;&quot;}\"><span style=\"font-size: x-large;\" data-keep-original-tag=\"false\" data-original-attrs=\"{&quot;style&quot;:&quot;&quot;}\">finalmente\u00a0<\/span><\/div>\n<div data-original-attrs=\"{&quot;style&quot;:&quot;&quot;}\"><span style=\"font-size: x-large;\" data-keep-original-tag=\"false\" data-original-attrs=\"{&quot;style&quot;:&quot;&quot;}\">Sus preocupaciones e intereses con respecto a la confidencialidad y privacidad de los datos son de suma importancia para nosotros. Esperamos que esto se logre mediante esta pol\u00edtica.<\/span><\/div>","protected":false},"excerpt":{"rendered":"<p>\u0627\u0644\u062e\u0635\u0648\u0635\u064a\u0629 \u0648\u0628\u064a\u0627\u0646 \u0633\u0631\u064a\u0651\u0629 \u0627\u0644\u0645\u0639\u0644\u0648\u0645\u0627\u062a \u00a0 \u0646\u0642\u062f\u0631 \u0645\u062e\u0627\u0648\u0641\u0643\u0645 \u0648\u0627\u0647\u062a\u0645\u0627\u0645\u0643\u0645 \u0628\u0634\u0623\u0646 \u062e\u0635\u0648\u0635\u064a\u0629 \u0628\u064a\u0627\u0646\u0627\u062a\u0643\u0645 \u0639\u0644\u0649 \u0634\u0628\u0643\u0629 \u0627\u0644\u0625\u0646\u062a\u0631\u0646\u062a.\u00a0 \u0644\u0642\u062f \u062a\u0645 \u0625\u0639\u062f\u0627\u062f \u0647\u0630\u0647 \u0627\u0644\u0633\u064a\u0627\u0633\u0629 \u0644\u0645\u0633\u0627\u0639\u062f\u062a\u0643\u0645 \u0641\u064a \u062a\u0641\u0647\u0645 \u0637\u0628\u064a\u0639\u0629 \u0627\u0644\u0628\u064a\u0627\u0646\u0627\u062a \u0627\u0644\u062a\u064a \u0646\u0642\u0648\u0645 \u0628\u062a\u062c\u0645\u064a\u0639\u0647\u0627 \u0645\u0646\u0643\u0645 \u0639\u0646\u062f \u0632\u064a\u0627\u0631\u062a\u0643\u0645 \u0644\u0645\u0648\u0642\u0639\u0646\u0627 \u0639\u0644\u0649 \u0634\u0628\u0643\u0629 \u0627\u0644\u0627\u0646\u062a\u0631\u0646\u062a \u0648\u0643\u064a\u0641\u064a\u0629 \u062a\u0639\u0627\u0645\u0644\u0646\u0627 \u0645\u0639 \u0647\u0630\u0647 \u0627\u0644\u0628\u064a\u0627\u0646\u0627\u062a \u0627\u0644\u0634\u062e\u0635\u064a\u0629.\u00a0 \u00a0 \u0627\u0644\u062a\u0635\u0641\u062d\u00a0 \u0644\u0645 \u0646\u0642\u0645 \u0628\u062a\u0635\u0645\u064a\u0645 \u0647\u0630\u0627 \u0627\u0644\u0645\u0648\u0642\u0639 \u0645\u0646 \u0623\u062c\u0644 \u062a\u062c\u0645\u064a\u0639 \u0628\u064a\u0627\u0646\u0627\u062a\u0643 \u0627\u0644\u0634\u062e\u0635\u064a\u0629 \u0645\u0646 \u062c\u0647\u0627\u0632 \u0627\u0644\u0643\u0645\u0628\u064a\u0648\u062a\u0631 &#8230; <\/p>\n<p class=\"read-more-container\"><a title=\"pol\u00edtica de privacidad\" class=\"read-more button\" href=\"https:\/\/telooa.com\/es\/politica-de-privacidad\/#more-3\" aria-label=\"Leer m\u00e1s sobre \u0633\u064a\u0627\u0633\u0629 \u0627\u0644\u062e\u0635\u0648\u0635\u064a\u0629\">Leer m\u00e1s<\/a><\/p>","protected":false},"author":1,"featured_media":0,"parent":0,"menu_order":0,"comment_status":"closed","ping_status":"open","template":"","meta":{"footnotes":""},"class_list":["post-3","page","type-page","status-publish"],"_links":{"self":[{"href":"https:\/\/telooa.com\/es\/wp-json\/wp\/v2\/pages\/3","targetHints":{"allow":["GET"]}}],"collection":[{"href":"https:\/\/telooa.com\/es\/wp-json\/wp\/v2\/pages"}],"about":[{"href":"https:\/\/telooa.com\/es\/wp-json\/wp\/v2\/types\/page"}],"author":[{"embeddable":true,"href":"https:\/\/telooa.com\/es\/wp-json\/wp\/v2\/users\/1"}],"replies":[{"embeddable":true,"href":"https:\/\/telooa.com\/es\/wp-json\/wp\/v2\/comments?post=3"}],"version-history":[{"count":0,"href":"https:\/\/telooa.com\/es\/wp-json\/wp\/v2\/pages\/3\/revisions"}],"wp:attachment":[{"href":"https:\/\/telooa.com\/es\/wp-json\/wp\/v2\/media?parent=3"}],"curies":[{"name":"wp","href":"https:\/\/api.w.org\/{rel}","templated":true}]}}